{"id":16776,"date":"2022-07-22T06:29:59","date_gmt":"2022-07-22T06:29:59","guid":{"rendered":"https:\/\/cea.zozothemes.com\/briddge\/services-2-copy\/"},"modified":"2024-04-08T10:01:14","modified_gmt":"2024-04-08T10:01:14","slug":"servicos","status":"publish","type":"page","link":"https:\/\/jardinsdochinchorro.pt\/index.php\/servicos\/","title":{"rendered":"Servi\u00e7os"},"content":{"rendered":"\t\t<div data-elementor-type=\"wp-page\" data-elementor-id=\"16776\" class=\"elementor elementor-16776\">\n\t\t\t\t\t\t<section class=\"elementor-section elementor-top-section elementor-element elementor-element-8c78fd6 elementor-section-stretched elementor-section-boxed elementor-section-height-default elementor-section-height-default\" data-id=\"8c78fd6\" data-element_type=\"section\" data-e-type=\"section\" data-settings=\"{&quot;stretch_section&quot;:&quot;section-stretched&quot;}\">\n\t\t\t\t\t\t<div class=\"elementor-container elementor-column-gap-wide\">\n\t\t\t\t\t<div class=\"elementor-column elementor-col-100 elementor-top-column elementor-element elementor-element-a86390d\" data-id=\"a86390d\" data-element_type=\"column\" data-e-type=\"column\">\n\t\t\t<div class=\"elementor-widget-wrap elementor-element-populated\">\n\t\t\t\t\t\t<section class=\"elementor-section elementor-inner-section elementor-element elementor-element-06baed9 elementor-section-boxed elementor-section-height-default elementor-section-height-default\" data-id=\"06baed9\" data-element_type=\"section\" data-e-type=\"section\">\n\t\t\t\t\t\t<div class=\"elementor-container elementor-column-gap-default\">\n\t\t\t\t\t<div class=\"elementor-column elementor-col-100 elementor-inner-column elementor-element elementor-element-aba48a5\" data-id=\"aba48a5\" data-element_type=\"column\" data-e-type=\"column\">\n\t\t\t<div class=\"elementor-widget-wrap elementor-element-populated\">\n\t\t\t\t\t\t<div class=\"elementor-element elementor-element-6cb3413 cea-align-center elementor-widget elementor-widget-ceasectiontitle\" data-id=\"6cb3413\" data-element_type=\"widget\" data-e-type=\"widget\" data-widget_type=\"ceasectiontitle.default\">\n\t\t\t\t<div class=\"elementor-widget-container\">\n\t\t\t\t\t<div class=\"section-title-wrapper\"><div class=\"title-wrap\"><p class=\"sub-title\"><span class=\"subtitle-dots\">Servi\u00e7os<\/span><\/p><h2 class=\"section-title\">Do sonho \u00e0 realidade, cada jardim \u00e9 uma obra de arte em crescimento<\/h2><\/div><!-- .title-wrap --><div class=\"section-description\"><p class=\"section-content\">\n<\/p><\/div><!-- .section-description --><\/div><!-- .section-title-wrapper -->\t\t\t\t<\/div>\n\t\t\t\t<\/div>\n\t\t\t\t\t<\/div>\n\t\t<\/div>\n\t\t\t\t\t<\/div>\n\t\t<\/section>\n\t\t\t\t<div class=\"elementor-element elementor-element-decc4c5 elementor-widget elementor-widget-ceaservice\" data-id=\"decc4c5\" data-element_type=\"widget\" data-e-type=\"widget\" data-widget_type=\"ceaservice.default\">\n\t\t\t\t\r\n\t\t<div class=\"elementor-widget-container service-wrapper service-style-classic-pro service-light service-normal-model\">\r\n\t\t\r\n\t\t\t<div class=\"row\"><div class=\"col-lg-4 col-md-4\" ><div class=\"service-inner\"><div class=\"post-thumb\"><a href=\"#\" class=\"post-image-link\"><img decoding=\"async\" src=\"https:\/\/jardinsdochinchorro.pt\/wp-content\/uploads\/elementor\/thumbs\/Lagos-qmdfg3z9w2l3w6cfs3q9mt41s1huqdvnynnkfkd0a4.jpg\" title=\"Lagos\" alt=\"\" class=\"img-fluid squared\" \/><\/a><\/div><!-- .post-thumb --><div class=\"post-details-outer\"><div class=\"entry-title\"><h4 class=\"post-title-head\"><a href=\"#\" class=\"post-title\">Manuten\u00e7\u00e3o de Jardins<\/a><\/h4><\/div><!-- .entry-title --><div class=\"post-excerpt\"><p>Para al\u00e9m do aspeto, \u00e9 fundamental que o seu jardim tenha uma manuten\u00e7\u00e3o de qualidade.<\/p>\n<\/div><!-- .post-excerpt --><\/div><!-- .post-details-outer --><\/div><!-- .service-inner --><\/div><!-- .col \/ .owl-carousel-item \/ .isotope --><div class=\"col-lg-4 col-md-4\" ><div class=\"service-inner\"><div class=\"post-thumb\"><a href=\"#\" class=\"post-image-link\"><img decoding=\"async\" src=\"https:\/\/jardinsdochinchorro.pt\/wp-content\/uploads\/elementor\/thumbs\/Renovacao-jardim-em-feteira-qmdf7e16henc6f0gpc0vi0c3dch9bh9bfhre55ai0c.jpg\" title=\"Renova\u00e7ao jardim em feteira\" alt=\"\" class=\"img-fluid squared img-fluid squared\" \/><\/a><\/div><!-- .post-thumb --><div class=\"post-details-outer\"><div class=\"entry-title\"><h4 class=\"post-title-head\"><a href=\"#\" class=\"post-title\">Constru\u00e7\u00e3o de Jardins<\/a><\/h4><\/div><!-- .entry-title --><div class=\"post-excerpt\"><p>Estes projetos podem contemplar o sistema de rega, onde destacamos a otimiza\u00e7\u00e3o de recursos, como s\u00e3o exemplo os canteiros com economia de \u00e1gua. Para os nossos jardins, s\u00f3 queremos o melhor.<\/p>\n<\/div><!-- .post-excerpt --><\/div><!-- .post-details-outer --><\/div><!-- .service-inner --><\/div><!-- .col \/ .owl-carousel-item \/ .isotope --><div class=\"col-lg-4 col-md-4\" ><div class=\"service-inner\"><div class=\"post-thumb\"><a href=\"#\" class=\"post-image-link\"><img decoding=\"async\" src=\"https:\/\/jardinsdochinchorro.pt\/wp-content\/uploads\/elementor\/thumbs\/pombal-qmdero6c754q15uehjfgsz4lrdyalouwlp138kli24.jpg\" title=\"pombal\" alt=\"\" class=\"img-fluid squared img-fluid squared img-fluid squared\" \/><\/a><\/div><!-- .post-thumb --><div class=\"post-details-outer\"><div class=\"entry-title\"><h4 class=\"post-title-head\"><a href=\"#\" class=\"post-title\">Cal\u00e7adas, Muros de Pedra Natural, Decks e Piscinas<\/a><\/h4><\/div><!-- .entry-title --><div class=\"post-excerpt\"><p>Porque os nossos jardins s\u00e3o para desfrutar, criamos espa\u00e7os de lazer \u00fanicos. Aproveite o seu jardim.<\/p>\n<\/div><!-- .post-excerpt --><\/div><!-- .post-details-outer --><\/div><!-- .service-inner --><\/div><!-- .col \/ .owl-carousel-item \/ .isotope --><\/div><!-- .row -->\t\t\t\r\n\t\t<\/div>\r\n\t\t\t\t<\/div>\n\t\t\t\t\t<\/div>\n\t\t<\/div>\n\t\t\t\t\t<\/div>\n\t\t<\/section>\n\t\t\t\t<\/div>\n\t\t","protected":false},"excerpt":{"rendered":"<p>Servi\u00e7os Do sonho \u00e0 realidade, cada jardim \u00e9 uma obra de arte em crescimento Manuten\u00e7\u00e3o..<\/p>\n","protected":false},"author":2,"featured_media":0,"parent":0,"menu_order":0,"comment_status":"closed","ping_status":"closed","template":"","meta":{"footnotes":""},"class_list":["post-16776","page","type-page","status-publish","hentry"],"_links":{"self":[{"href":"https:\/\/jardinsdochinchorro.pt\/index.php\/wp-json\/wp\/v2\/pages\/16776","targetHints":{"allow":["GET"]}}],"collection":[{"href":"https:\/\/jardinsdochinchorro.pt\/index.php\/wp-json\/wp\/v2\/pages"}],"about":[{"href":"https:\/\/jardinsdochinchorro.pt\/index.php\/wp-json\/wp\/v2\/types\/page"}],"author":[{"embeddable":true,"href":"https:\/\/jardinsdochinchorro.pt\/index.php\/wp-json\/wp\/v2\/users\/2"}],"replies":[{"embeddable":true,"href":"https:\/\/jardinsdochinchorro.pt\/index.php\/wp-json\/wp\/v2\/comments?post=16776"}],"version-history":[{"count":16,"href":"https:\/\/jardinsdochinchorro.pt\/index.php\/wp-json\/wp\/v2\/pages\/16776\/revisions"}],"predecessor-version":[{"id":66384,"href":"https:\/\/jardinsdochinchorro.pt\/index.php\/wp-json\/wp\/v2\/pages\/16776\/revisions\/66384"}],"wp:attachment":[{"href":"https:\/\/jardinsdochinchorro.pt\/index.php\/wp-json\/wp\/v2\/media?parent=16776"}],"curies":[{"name":"wp","href":"https:\/\/api.w.org\/{rel}","templated":true}]}}