{"id":18961,"date":"2022-11-24T05:50:27","date_gmt":"2022-11-24T05:50:27","guid":{"rendered":"https:\/\/wordpress.zozothemes.com\/briddge\/home-copy\/"},"modified":"2024-05-23T00:20:08","modified_gmt":"2024-05-23T00:20:08","slug":"home-2","status":"publish","type":"page","link":"https:\/\/jardinsdochinchorro.pt\/","title":{"rendered":"Home 2"},"content":{"rendered":"\t\t<div data-elementor-type=\"wp-page\" data-elementor-id=\"18961\" class=\"elementor elementor-18961\">\n\t\t\t\t\t\t<section class=\"elementor-section elementor-top-section elementor-element elementor-element-86aa1f4 elementor-section-stretched elementor-section-boxed elementor-section-height-default elementor-section-height-default\" data-id=\"86aa1f4\" data-element_type=\"section\" data-e-type=\"section\" data-settings=\"{&quot;stretch_section&quot;:&quot;section-stretched&quot;,&quot;background_background&quot;:&quot;classic&quot;}\">\n\t\t\t\t\t\t\t<div class=\"elementor-background-overlay\"><\/div>\n\t\t\t\t\t\t\t<div class=\"elementor-container elementor-column-gap-default\">\n\t\t\t\t\t<div class=\"elementor-column elementor-col-50 elementor-top-column elementor-element elementor-element-697eebd\" data-id=\"697eebd\" data-element_type=\"column\" data-e-type=\"column\">\n\t\t\t<div class=\"elementor-widget-wrap elementor-element-populated\">\n\t\t\t\t\t\t<section class=\"elementor-section elementor-inner-section elementor-element elementor-element-eaf21fd elementor-section-boxed elementor-section-height-default elementor-section-height-default\" data-id=\"eaf21fd\" data-element_type=\"section\" data-e-type=\"section\">\n\t\t\t\t\t\t<div class=\"elementor-container elementor-column-gap-default\">\n\t\t\t\t\t<div class=\"elementor-column elementor-col-100 elementor-inner-column elementor-element elementor-element-f692499\" data-id=\"f692499\" data-element_type=\"column\" data-e-type=\"column\">\n\t\t\t<div class=\"elementor-widget-wrap elementor-element-populated\">\n\t\t\t\t\t\t<div class=\"elementor-element elementor-element-ac6c05a elementor-widget elementor-widget-image\" data-id=\"ac6c05a\" data-element_type=\"widget\" data-e-type=\"widget\" data-widget_type=\"image.default\">\n\t\t\t\t<div class=\"elementor-widget-container\">\n\t\t\t\t\t\t\t\t\t\t\t\t\t\t\t<img decoding=\"async\" src=\"https:\/\/jardinsdochinchorro.pt\/wp-content\/uploads\/elementor\/thumbs\/544-qmehsgwzjhjnwdi054oo6dlo2gki4y3hflgstljpo6.jpg\" title=\"544\" alt=\"544\" loading=\"lazy\" \/>\t\t\t\t\t\t\t\t\t\t\t\t\t\t\t<\/div>\n\t\t\t\t<\/div>\n\t\t\t\t<div class=\"elementor-element elementor-element-f2fd557 elementor-widget elementor-widget-text-editor\" data-id=\"f2fd557\" data-element_type=\"widget\" data-e-type=\"widget\" data-widget_type=\"text-editor.default\">\n\t\t\t\t<div class=\"elementor-widget-container\">\n\t\t\t\t\t\t\t\t\t<h3>A NATUREZA NO SEU\u00a0<em>JARDIM<\/em>\u00a0&amp; NA SUA\u00a0VIDA<\/h3>\t\t\t\t\t\t\t\t<\/div>\n\t\t\t\t<\/div>\n\t\t\t\t\t<\/div>\n\t\t<\/div>\n\t\t\t\t\t<\/div>\n\t\t<\/section>\n\t\t\t\t\t<\/div>\n\t\t<\/div>\n\t\t\t\t<div class=\"elementor-column elementor-col-50 elementor-top-column elementor-element elementor-element-29989a4\" data-id=\"29989a4\" data-element_type=\"column\" data-e-type=\"column\">\n\t\t\t<div class=\"elementor-widget-wrap elementor-element-populated\">\n\t\t\t\t\t\t<section class=\"elementor-section elementor-inner-section elementor-element elementor-element-0abf496 elementor-section-boxed elementor-section-height-default elementor-section-height-default\" data-id=\"0abf496\" data-element_type=\"section\" data-e-type=\"section\">\n\t\t\t\t\t\t<div class=\"elementor-container elementor-column-gap-default\">\n\t\t\t\t\t<div class=\"elementor-column elementor-col-50 elementor-inner-column elementor-element elementor-element-2c7649e\" data-id=\"2c7649e\" data-element_type=\"column\" data-e-type=\"column\">\n\t\t\t<div class=\"elementor-widget-wrap elementor-element-populated\">\n\t\t\t\t\t\t<div class=\"elementor-element elementor-element-f0a49f4 elementor-widget elementor-widget-image\" data-id=\"f0a49f4\" data-element_type=\"widget\" data-e-type=\"widget\" data-widget_type=\"image.default\">\n\t\t\t\t<div class=\"elementor-widget-container\">\n\t\t\t\t\t\t\t\t\t\t\t\t\t\t\t<img decoding=\"async\" src=\"https:\/\/jardinsdochinchorro.pt\/wp-content\/uploads\/elementor\/thumbs\/10440-qmehn9v3rgh8ncznkh87297dd245uxri9io4ygg6ie.jpg\" title=\"10440\" alt=\"10440\" loading=\"lazy\" \/>\t\t\t\t\t\t\t\t\t\t\t\t\t\t\t<\/div>\n\t\t\t\t<\/div>\n\t\t\t\t\t<\/div>\n\t\t<\/div>\n\t\t\t\t<div class=\"elementor-column elementor-col-50 elementor-inner-column elementor-element elementor-element-300e9e3\" data-id=\"300e9e3\" data-element_type=\"column\" data-e-type=\"column\">\n\t\t\t<div class=\"elementor-widget-wrap elementor-element-populated\">\n\t\t\t\t\t\t<div class=\"elementor-element elementor-element-424e4d3 elementor-widget elementor-widget-image\" data-id=\"424e4d3\" data-element_type=\"widget\" data-e-type=\"widget\" data-widget_type=\"image.default\">\n\t\t\t\t<div class=\"elementor-widget-container\">\n\t\t\t\t\t\t\t\t\t\t\t\t\t\t\t<img decoding=\"async\" src=\"https:\/\/jardinsdochinchorro.pt\/wp-content\/uploads\/elementor\/thumbs\/1177-qmehn2cdfu6vzv5tsdtyjjy5x1zv7hdgfmpom9b9hq.jpg\" title=\"1177\" alt=\"1177\" loading=\"lazy\" \/>\t\t\t\t\t\t\t\t\t\t\t\t\t\t\t<\/div>\n\t\t\t\t<\/div>\n\t\t\t\t\t<\/div>\n\t\t<\/div>\n\t\t\t\t\t<\/div>\n\t\t<\/section>\n\t\t\t\t<section class=\"elementor-section elementor-inner-section elementor-element elementor-element-b0e6a57 elementor-section-boxed elementor-section-height-default elementor-section-height-default\" data-id=\"b0e6a57\" data-element_type=\"section\" data-e-type=\"section\">\n\t\t\t\t\t\t<div class=\"elementor-container elementor-column-gap-default\">\n\t\t\t\t\t<div class=\"elementor-column elementor-col-100 elementor-inner-column elementor-element elementor-element-41ffc59\" data-id=\"41ffc59\" data-element_type=\"column\" data-e-type=\"column\">\n\t\t\t<div class=\"elementor-widget-wrap elementor-element-populated\">\n\t\t\t\t\t\t<div class=\"elementor-element elementor-element-019c3ea elementor-widget elementor-widget-image\" data-id=\"019c3ea\" data-element_type=\"widget\" data-e-type=\"widget\" data-widget_type=\"image.default\">\n\t\t\t\t<div class=\"elementor-widget-container\">\n\t\t\t\t\t\t\t\t\t\t\t\t\t\t\t<img decoding=\"async\" src=\"https:\/\/jardinsdochinchorro.pt\/wp-content\/uploads\/elementor\/thumbs\/31058-qmehmwpd3rwxvpt4vi1qedo9wejqcaypian8w35hz6.jpg\" title=\"31058\" alt=\"31058\" loading=\"lazy\" \/>\t\t\t\t\t\t\t\t\t\t\t\t\t\t\t<\/div>\n\t\t\t\t<\/div>\n\t\t\t\t\t<\/div>\n\t\t<\/div>\n\t\t\t\t\t<\/div>\n\t\t<\/section>\n\t\t\t\t\t<\/div>\n\t\t<\/div>\n\t\t\t\t\t<\/div>\n\t\t<\/section>\n\t\t\t\t<section class=\"elementor-section elementor-top-section elementor-element elementor-element-c088ff3 elementor-section-content-middle elementor-section-boxed elementor-section-height-default elementor-section-height-default\" data-id=\"c088ff3\" data-element_type=\"section\" data-e-type=\"section\">\n\t\t\t\t\t\t<div class=\"elementor-container elementor-column-gap-default\">\n\t\t\t\t\t<div class=\"elementor-column elementor-col-50 elementor-top-column elementor-element elementor-element-c722ac0\" data-id=\"c722ac0\" data-element_type=\"column\" data-e-type=\"column\">\n\t\t\t<div class=\"elementor-widget-wrap elementor-element-populated\">\n\t\t\t\t\t\t<div class=\"elementor-element elementor-element-01ec660 cea-align-left cea-mobile-align-center elementor-widget elementor-widget-ceasectiontitle\" data-id=\"01ec660\" data-element_type=\"widget\" data-e-type=\"widget\" data-widget_type=\"ceasectiontitle.default\">\n\t\t\t\t<div class=\"elementor-widget-container\">\n\t\t\t\t\t<div class=\"section-title-wrapper\"><div class=\"title-wrap\"><h6 class=\"sub-title\"><span class=\"subtitle-dots\">Os nossos servi\u00e7os<\/span><\/h6><h2 class=\"section-title\">Cada detalhe, um toque de <span class=\"title-suffix\">Harmonia e Sofistica\u00e7\u00e3o.<\/span><\/h2><\/div><!-- .title-wrap --><div class=\"section-description\"><\/div><!-- .section-description --><\/div><!-- .section-title-wrapper -->\t\t\t\t<\/div>\n\t\t\t\t<\/div>\n\t\t\t\t<section class=\"elementor-section elementor-inner-section elementor-element elementor-element-e023f44 elementor-section-boxed elementor-section-height-default elementor-section-height-default\" data-id=\"e023f44\" data-element_type=\"section\" data-e-type=\"section\">\n\t\t\t\t\t\t<div class=\"elementor-container elementor-column-gap-default\">\n\t\t\t\t\t<div class=\"elementor-column elementor-col-50 elementor-inner-column elementor-element elementor-element-c5af504\" data-id=\"c5af504\" data-element_type=\"column\" data-e-type=\"column\" data-settings=\"{&quot;background_background&quot;:&quot;classic&quot;}\">\n\t\t\t<div class=\"elementor-widget-wrap elementor-element-populated\">\n\t\t\t\t\t<div class=\"elementor-background-overlay\"><\/div>\n\t\t\t\t\t\t<div class=\"elementor-element elementor-element-e6714f8 cea-view-default elementor-widget elementor-widget-ceafeaturebox\" data-id=\"e6714f8\" data-element_type=\"widget\" data-e-type=\"widget\" data-widget_type=\"ceafeaturebox.default\">\n\t\t\t\t<div class=\"elementor-widget-container feature-box-wrapper feature-box-classic\">\n\t\t\t<div class=\"media\"><div class=\"media-icon-part align-self-center\"><figure class=\"cea-feature-box-img\"><img decoding=\"async\" src=\"https:\/\/jardinsdochinchorro.pt\/wp-content\/uploads\/elementor\/thumbs\/gardener-1-1-ql13whsssp617l4cwt9vnctyqhmmazn7iifwvolzm8.png\" gardener-1-1 gardener-1-1 \/><\/figure><\/div><div class=\"media-body align-self-center\"><h4 class=\"feature-box-title\">Constru\u00e7\u00e3o de Jardins<\/h4><div class=\"fbox-content\">Regamos com efici\u00eancia, cuidando do melhor para os nossos jardins.<\/div><\/div><!-- .media-body --><\/div><!-- .media -->\t\t<\/div>\n\t\t\t\t<\/div>\n\t\t\t\t\t<\/div>\n\t\t<\/div>\n\t\t\t\t<div class=\"elementor-column elementor-col-50 elementor-inner-column elementor-element elementor-element-32972a2\" data-id=\"32972a2\" data-element_type=\"column\" data-e-type=\"column\" data-settings=\"{&quot;background_background&quot;:&quot;classic&quot;}\">\n\t\t\t<div class=\"elementor-widget-wrap elementor-element-populated\">\n\t\t\t\t\t<div class=\"elementor-background-overlay\"><\/div>\n\t\t\t\t\t\t<div class=\"elementor-element elementor-element-65a8c16 cea-view-default elementor-widget elementor-widget-ceafeaturebox\" data-id=\"65a8c16\" data-element_type=\"widget\" data-e-type=\"widget\" data-widget_type=\"ceafeaturebox.default\">\n\t\t\t\t<div class=\"elementor-widget-container feature-box-wrapper feature-box-classic\">\n\t\t\t<div class=\"media\"><div class=\"media-icon-part align-self-center\"><figure class=\"cea-feature-box-img\"><img decoding=\"async\" src=\"https:\/\/jardinsdochinchorro.pt\/wp-content\/uploads\/elementor\/thumbs\/lawn-mower-2-ql13wjoh6d8lut1mlu34sccvx9dcqduo6rqvu8j79s.png\" lawn-mower-2 lawn-mower-2 \/><\/figure><\/div><div class=\"media-body align-self-center\"><h2 class=\"feature-box-title\">Manuten\u00e7\u00e3o de Jardins<\/h2><div class=\"fbox-content\">Garantimos uma manuten\u00e7\u00e3o de excel\u00eancia para o seu jardim.\n<\/div><\/div><!-- .media-body --><\/div><!-- .media -->\t\t<\/div>\n\t\t\t\t<\/div>\n\t\t\t\t\t<\/div>\n\t\t<\/div>\n\t\t\t\t\t<\/div>\n\t\t<\/section>\n\t\t\t\t<section class=\"elementor-section elementor-inner-section elementor-element elementor-element-93872af elementor-section-boxed elementor-section-height-default elementor-section-height-default\" data-id=\"93872af\" data-element_type=\"section\" data-e-type=\"section\">\n\t\t\t\t\t\t<div class=\"elementor-container elementor-column-gap-default\">\n\t\t\t\t\t<div class=\"elementor-column elementor-col-100 elementor-inner-column elementor-element elementor-element-ddbabad\" data-id=\"ddbabad\" data-element_type=\"column\" data-e-type=\"column\" data-settings=\"{&quot;background_background&quot;:&quot;classic&quot;}\">\n\t\t\t<div class=\"elementor-widget-wrap elementor-element-populated\">\n\t\t\t\t\t\t<div class=\"elementor-element elementor-element-4682081 cea-view-default elementor-widget elementor-widget-ceafeaturebox\" data-id=\"4682081\" data-element_type=\"widget\" data-e-type=\"widget\" data-widget_type=\"ceafeaturebox.default\">\n\t\t\t\t<div class=\"elementor-widget-container feature-box-wrapper feature-box-classic\">\n\t\t\t<div class=\"media\"><div class=\"media-icon-part align-self-center\"><figure class=\"cea-feature-box-img\"><img decoding=\"async\" src=\"https:\/\/jardinsdochinchorro.pt\/wp-content\/uploads\/elementor\/thumbs\/gardener-2-ql13whsssp617l4cwt9vnctyqhmmazn7iifwvolzm8.png\" gardener-2 gardener-2 \/><\/figure><\/div><div class=\"media-body align-self-center\"><h4 class=\"feature-box-title\">Cal\u00e7adas, Muros de Pedra Natural, Decks e Piscinas<\/h4><div class=\"fbox-content\">Porque os nossos jardins s\u00e3o para desfrutar, criamos espa\u00e7os de lazer \u00fanicos. Aproveite o seu jardim.<\/div><\/div><!-- .media-body --><\/div><!-- .media -->\t\t<\/div>\n\t\t\t\t<\/div>\n\t\t\t\t\t<\/div>\n\t\t<\/div>\n\t\t\t\t\t<\/div>\n\t\t<\/section>\n\t\t\t\t\t<\/div>\n\t\t<\/div>\n\t\t\t\t<div class=\"elementor-column elementor-col-50 elementor-top-column elementor-element elementor-element-bd03f15\" data-id=\"bd03f15\" data-element_type=\"column\" data-e-type=\"column\">\n\t\t\t<div class=\"elementor-widget-wrap elementor-element-populated\">\n\t\t\t\t\t\t<div class=\"elementor-element elementor-element-9641cf9 elementor-widget elementor-widget-image\" data-id=\"9641cf9\" data-element_type=\"widget\" data-e-type=\"widget\" data-widget_type=\"image.default\">\n\t\t\t\t<div class=\"elementor-widget-container\">\n\t\t\t\t\t\t\t\t\t\t\t\t\t\t\t<img fetchpriority=\"high\" decoding=\"async\" width=\"1050\" height=\"1053\" src=\"https:\/\/jardinsdochinchorro.pt\/wp-content\/uploads\/2023\/10\/Layer-6241-1.png\" class=\"attachment-full size-full wp-image-23394\" alt=\"\" srcset=\"https:\/\/jardinsdochinchorro.pt\/wp-content\/uploads\/2023\/10\/Layer-6241-1.png 1050w, https:\/\/jardinsdochinchorro.pt\/wp-content\/uploads\/2023\/10\/Layer-6241-1-300x300.png 300w, https:\/\/jardinsdochinchorro.pt\/wp-content\/uploads\/2023\/10\/Layer-6241-1-100x100.png 100w, https:\/\/jardinsdochinchorro.pt\/wp-content\/uploads\/2023\/10\/Layer-6241-1-600x602.png 600w\" sizes=\"(max-width: 1050px) 100vw, 1050px\" \/>\t\t\t\t\t\t\t\t\t\t\t\t\t\t\t<\/div>\n\t\t\t\t<\/div>\n\t\t\t\t\t<\/div>\n\t\t<\/div>\n\t\t\t\t\t<\/div>\n\t\t<\/section>\n\t\t\t\t<section class=\"elementor-section elementor-top-section elementor-element elementor-element-2e27747 elementor-section-stretched elementor-section-full_width elementor-section-height-default elementor-section-height-default\" data-id=\"2e27747\" data-element_type=\"section\" data-e-type=\"section\" data-settings=\"{&quot;stretch_section&quot;:&quot;section-stretched&quot;,&quot;background_background&quot;:&quot;classic&quot;}\">\n\t\t\t\t\t\t\t<div class=\"elementor-background-overlay\"><\/div>\n\t\t\t\t\t\t\t<div class=\"elementor-container elementor-column-gap-default\">\n\t\t\t\t\t<div class=\"elementor-column elementor-col-100 elementor-top-column elementor-element elementor-element-31d0770\" data-id=\"31d0770\" data-element_type=\"column\" data-e-type=\"column\">\n\t\t\t<div class=\"elementor-widget-wrap elementor-element-populated\">\n\t\t\t\t\t\t<section class=\"elementor-section elementor-inner-section elementor-element elementor-element-661892b elementor-section-content-middle elementor-section-boxed elementor-section-height-default elementor-section-height-default\" data-id=\"661892b\" data-element_type=\"section\" data-e-type=\"section\">\n\t\t\t\t\t\t<div class=\"elementor-container elementor-column-gap-default\">\n\t\t\t\t\t<div class=\"elementor-column elementor-col-50 elementor-inner-column elementor-element elementor-element-c9e4ede\" data-id=\"c9e4ede\" data-element_type=\"column\" data-e-type=\"column\">\n\t\t\t<div class=\"elementor-widget-wrap elementor-element-populated\">\n\t\t\t\t\t\t<div class=\"elementor-element elementor-element-0c410d4 elementor-widget elementor-widget-heading\" data-id=\"0c410d4\" data-element_type=\"widget\" data-e-type=\"widget\" data-widget_type=\"heading.default\">\n\t\t\t\t<div class=\"elementor-widget-container\">\n\t\t\t\t\t<h3 class=\"elementor-heading-title elementor-size-default\">Transformando espa\u00e7os em o\u00e1sis de beleza e tranquilidade.<\/h3>\t\t\t\t<\/div>\n\t\t\t\t<\/div>\n\t\t\t\t\t<\/div>\n\t\t<\/div>\n\t\t\t\t<div class=\"elementor-column elementor-col-50 elementor-inner-column elementor-element elementor-element-cb94001\" data-id=\"cb94001\" data-element_type=\"column\" data-e-type=\"column\">\n\t\t\t<div class=\"elementor-widget-wrap elementor-element-populated\">\n\t\t\t\t\t\t<div class=\"elementor-element elementor-element-3767e9e cea-btn-align-right cea-btn-tablet-align-center elementor-widget-tablet__width-inherit cea-btn-mobile-align-center elementor-widget elementor-widget-ceabutton\" data-id=\"3767e9e\" data-element_type=\"widget\" data-e-type=\"widget\" data-widget_type=\"ceabutton.default\">\n\t\t\t\t<div class=\"elementor-widget-container cea-button-wrapper\">\r\n\t\t\t\t\t<div class=\"cea-button-wrapper\">\r\n\t\t\t<a href=\"\/index.php\/contact\" class=\"cea-button-link elementor-button cea-button elementor-size-md\">\r\n\t\t\t\t\t\t<span class=\"cea-button-content-wrapper\">\r\n\t\t\t\t\t\t<span class=\"cea-button-icon cea-align-icon-right\">\r\n\t\t\t\t<i aria-hidden=\"true\" class=\" bi-arrow-right\"><\/i>\t\t\t<\/span>\r\n\t\t\t\t\t\t<span class=\"cea-button-text\">Contacte-nos<\/span>\r\n\t\t<\/span>\r\n\t\t\t\t\t<\/a>\r\n\t\t<\/div>\r\n\t\t\t\t<\/div>\r\n\t\t\t\t<\/div>\n\t\t\t\t\t<\/div>\n\t\t<\/div>\n\t\t\t\t\t<\/div>\n\t\t<\/section>\n\t\t\t\t\t<\/div>\n\t\t<\/div>\n\t\t\t\t\t<\/div>\n\t\t<\/section>\n\t\t\t\t<section class=\"elementor-section elementor-top-section elementor-element elementor-element-c64f86a elementor-section-stretched elementor-section-boxed elementor-section-height-default elementor-section-height-default\" data-id=\"c64f86a\" data-element_type=\"section\" data-e-type=\"section\" data-settings=\"{&quot;stretch_section&quot;:&quot;section-stretched&quot;,&quot;background_background&quot;:&quot;classic&quot;}\">\n\t\t\t\t\t\t\t<div class=\"elementor-background-overlay\"><\/div>\n\t\t\t\t\t\t\t<div class=\"elementor-container elementor-column-gap-default\">\n\t\t\t\t\t<div class=\"elementor-column elementor-col-100 elementor-top-column elementor-element elementor-element-7d6b9722\" data-id=\"7d6b9722\" data-element_type=\"column\" data-e-type=\"column\">\n\t\t\t<div class=\"elementor-widget-wrap elementor-element-populated\">\n\t\t\t\t\t\t<div class=\"elementor-element elementor-element-87b6587 elementor-widget elementor-widget-image\" data-id=\"87b6587\" data-element_type=\"widget\" data-e-type=\"widget\" data-widget_type=\"image.default\">\n\t\t\t\t<div class=\"elementor-widget-container\">\n\t\t\t\t\t\t\t\t\t\t\t\t\t\t\t<img decoding=\"async\" width=\"128\" height=\"103\" src=\"https:\/\/jardinsdochinchorro.pt\/wp-content\/uploads\/2024\/02\/quote1.png\" class=\"attachment-full size-full wp-image-62955\" alt=\"\" \/>\t\t\t\t\t\t\t\t\t\t\t\t\t\t\t<\/div>\n\t\t\t\t<\/div>\n\t\t\t\t<div class=\"elementor-element elementor-element-185d8c20 elementor-invisible elementor-widget elementor-widget-ceatestimonial\" data-id=\"185d8c20\" data-element_type=\"widget\" data-e-type=\"widget\" data-settings=\"{&quot;_animation&quot;:&quot;fadeInUp&quot;}\" data-widget_type=\"ceatestimonial.default\">\n\t\t\t\t\n\t\t<div class=\"elementor-widget-container testimonial-wrapper testimonial-style-classic-pro testimonial-light testimonial-slide-model\">\n\t\t\n\t\t\t<div class=\"cea-carousel owl-carousel\" data-loop=\"1\" data-margin=\"0\" data-center=\"0\" data-nav=\"0\" data-dots=\"1\" data-autoplay=\"1\" data-items=\"1\" data-items-tab=\"1\" data-items-mob=\"1\" data-duration=\"5000\" data-smartspeed=\"250\" data-scrollby=\"1\" data-autoheight=\"0\"><div class=\"owl-carousel-item\" ><div class=\"testimonial-inner\"><div class=\"post-details-outer\"><div class=\"post-excerpt\"><p>N\u00e3o corras atr\u00e1s de borboletas, plantas uma flor no teu jardim e todas as borboletas vir\u00e3o at\u00e9 ela.<\/p>\n<\/div><!-- .post-excerpt --><h4 class=\"post-title-head\"><a href=\"https:\/\/jardinsdochinchorro.pt\/index.php\/testimonial\/vikram\/\" class=\"client-name post-title\">D.Elthers<\/a><\/h4><div class=\"top-meta clearfix\"><ul class=\"nav top-meta-list meta-left\"><li><\/li><\/ul><\/div><\/div><!-- .post-details-outer --><\/div><!-- .testimonial-inner --><\/div><!-- .col \/ .owl-carousel-item \/ .isotope --><\/div><!-- .owl-carousel -->\t\t\t\n\t\t<\/div>\n\t\t\t\t<\/div>\n\t\t\t\t\t<\/div>\n\t\t<\/div>\n\t\t\t\t\t<\/div>\n\t\t<\/section>\n\t\t\t\t<\/div>\n\t\t","protected":false},"excerpt":{"rendered":"<p>A NATUREZA NO SEU\u00a0JARDIM\u00a0&amp; NA SUA\u00a0VIDA Os nossos servi\u00e7os Cada detalhe, um toque de Harmonia e Sofistica\u00e7\u00e3o. Constru\u00e7\u00e3o de Jardins Regamos com efici\u00eancia, cuidando do melhor para os nossos jardins. Manuten\u00e7\u00e3o de Jardins Garantimos uma manuten\u00e7\u00e3o de excel\u00eancia para o seu jardim&#8230;<\/p>\n","protected":false},"author":2,"featured_media":0,"parent":0,"menu_order":0,"comment_status":"closed","ping_status":"closed","template":"","meta":{"footnotes":""},"class_list":["post-18961","page","type-page","status-publish","hentry"],"_links":{"self":[{"href":"https:\/\/jardinsdochinchorro.pt\/index.php\/wp-json\/wp\/v2\/pages\/18961","targetHints":{"allow":["GET"]}}],"collection":[{"href":"https:\/\/jardinsdochinchorro.pt\/index.php\/wp-json\/wp\/v2\/pages"}],"about":[{"href":"https:\/\/jardinsdochinchorro.pt\/index.php\/wp-json\/wp\/v2\/types\/page"}],"author":[{"embeddable":true,"href":"https:\/\/jardinsdochinchorro.pt\/index.php\/wp-json\/wp\/v2\/users\/2"}],"replies":[{"embeddable":true,"href":"https:\/\/jardinsdochinchorro.pt\/index.php\/wp-json\/wp\/v2\/comments?post=18961"}],"version-history":[{"count":72,"href":"https:\/\/jardinsdochinchorro.pt\/index.php\/wp-json\/wp\/v2\/pages\/18961\/revisions"}],"predecessor-version":[{"id":66390,"href":"https:\/\/jardinsdochinchorro.pt\/index.php\/wp-json\/wp\/v2\/pages\/18961\/revisions\/66390"}],"wp:attachment":[{"href":"https:\/\/jardinsdochinchorro.pt\/index.php\/wp-json\/wp\/v2\/media?parent=18961"}],"curies":[{"name":"wp","href":"https:\/\/api.w.org\/{rel}","templated":true}]}}